{"id":3,"date":"2025-03-12T19:41:27","date_gmt":"2025-03-12T19:41:27","guid":{"rendered":"https:\/\/trsexpert.pl\/?page_id=3"},"modified":"2025-05-23T05:34:03","modified_gmt":"2025-05-23T05:34:03","slug":"privacy-policy","status":"publish","type":"page","link":"https:\/\/trsexperts.pl\/pl\/privacy-policy\/","title":{"rendered":"Polityka prywatno\u015bci"},"content":{"rendered":"<div data-elementor-type=\"wp-page\" data-elementor-id=\"3\" class=\"elementor elementor-3\" data-elementor-post-type=\"page\">\n\t\t\t\t<div class=\"elementor-element elementor-element-fa24404 e-con-full e-flex e-con e-child\" data-id=\"fa24404\" data-element_type=\"container\" data-settings=\"{&quot;background_background&quot;:&quot;classic&quot;,&quot;motion_fx_motion_fx_scrolling&quot;:&quot;yes&quot;,&quot;motion_fx_range&quot;:&quot;viewport&quot;,&quot;animation&quot;:&quot;none&quot;,&quot;background_motion_fx_motion_fx_scrolling&quot;:&quot;yes&quot;,&quot;background_motion_fx_translateY_effect&quot;:&quot;yes&quot;,&quot;background_motion_fx_translateY_direction&quot;:&quot;negative&quot;,&quot;background_motion_fx_translateY_speed&quot;:{&quot;unit&quot;:&quot;px&quot;,&quot;size&quot;:1.600000000000000088817841970012523233890533447265625,&quot;sizes&quot;:[]},&quot;background_motion_fx_translateX_effect&quot;:&quot;yes&quot;,&quot;background_motion_fx_translateX_speed&quot;:{&quot;unit&quot;:&quot;px&quot;,&quot;size&quot;:1,&quot;sizes&quot;:[]},&quot;background_motion_fx_scale_effect&quot;:&quot;yes&quot;,&quot;background_motion_fx_range&quot;:&quot;viewport&quot;,&quot;background_motion_fx_motion_fx_mouse&quot;:&quot;yes&quot;,&quot;background_motion_fx_translateY_affectedRange&quot;:{&quot;unit&quot;:&quot;%&quot;,&quot;size&quot;:&quot;&quot;,&quot;sizes&quot;:{&quot;start&quot;:0,&quot;end&quot;:100}},&quot;background_motion_fx_translateX_affectedRange&quot;:{&quot;unit&quot;:&quot;%&quot;,&quot;size&quot;:&quot;&quot;,&quot;sizes&quot;:{&quot;start&quot;:0,&quot;end&quot;:100}},&quot;background_motion_fx_scale_direction&quot;:&quot;out-in&quot;,&quot;background_motion_fx_scale_speed&quot;:{&quot;unit&quot;:&quot;px&quot;,&quot;size&quot;:4,&quot;sizes&quot;:[]},&quot;background_motion_fx_scale_range&quot;:{&quot;unit&quot;:&quot;%&quot;,&quot;size&quot;:&quot;&quot;,&quot;sizes&quot;:{&quot;start&quot;:20,&quot;end&quot;:80}},&quot;background_motion_fx_devices&quot;:[&quot;desktop&quot;,&quot;tablet&quot;,&quot;mobile&quot;],&quot;motion_fx_devices&quot;:[&quot;desktop&quot;,&quot;tablet&quot;,&quot;mobile&quot;]}\">\n\t\t<div class=\"elementor-element elementor-element-8a4eb61 e-flex e-con-boxed e-con e-child\" data-id=\"8a4eb61\" data-element_type=\"container\" data-settings=\"{&quot;background_background&quot;:&quot;classic&quot;,&quot;motion_fx_motion_fx_scrolling&quot;:&quot;yes&quot;,&quot;motion_fx_translateY_effect&quot;:&quot;yes&quot;,&quot;motion_fx_translateY_speed&quot;:{&quot;unit&quot;:&quot;px&quot;,&quot;size&quot;:4,&quot;sizes&quot;:[]},&quot;motion_fx_translateY_affectedRange&quot;:{&quot;unit&quot;:&quot;%&quot;,&quot;size&quot;:&quot;&quot;,&quot;sizes&quot;:{&quot;start&quot;:0,&quot;end&quot;:100}},&quot;motion_fx_devices&quot;:[&quot;desktop&quot;,&quot;tablet&quot;,&quot;mobile&quot;]}\">\n\t\t\t\t\t<div class=\"e-con-inner\">\n\t\t\t\t<div class=\"elementor-element elementor-element-6177202 elementor-widget elementor-widget-heading\" data-id=\"6177202\" data-element_type=\"widget\" data-widget_type=\"heading.default\">\n\t\t\t\t<div class=\"elementor-widget-container\">\n\t\t\t\t\t<h1 class=\"elementor-heading-title elementor-size-default\">Polityka prywatno\u015bci<\/h1>\t\t\t\t<\/div>\n\t\t\t\t<\/div>\n\t\t\t\t\t<\/div>\n\t\t\t\t<\/div>\n\t\t\t\t<\/div>\n\t\t<div class=\"elementor-element elementor-element-9260473 e-flex e-con-boxed e-con e-child\" data-id=\"9260473\" data-element_type=\"container\" data-settings=\"{&quot;background_background&quot;:&quot;classic&quot;}\">\n\t\t\t\t\t<div class=\"e-con-inner\">\n\t\t<div class=\"elementor-element elementor-element-12ad9dd e-con-full background e-flex e-con e-child\" data-id=\"12ad9dd\" data-element_type=\"container\">\n\t\t\t\t<div class=\"elementor-element elementor-element-872acc0 elementor-widget elementor-widget-image\" data-id=\"872acc0\" data-element_type=\"widget\" data-settings=\"{&quot;motion_fx_motion_fx_scrolling&quot;:&quot;yes&quot;,&quot;motion_fx_rotateZ_effect&quot;:&quot;yes&quot;,&quot;motion_fx_rotateZ_speed&quot;:{&quot;unit&quot;:&quot;px&quot;,&quot;size&quot;:0.5,&quot;sizes&quot;:[]},&quot;motion_fx_scale_effect&quot;:&quot;yes&quot;,&quot;motion_fx_scale_speed&quot;:{&quot;unit&quot;:&quot;px&quot;,&quot;size&quot;:0,&quot;sizes&quot;:[]},&quot;motion_fx_scale_range&quot;:{&quot;unit&quot;:&quot;%&quot;,&quot;size&quot;:&quot;&quot;,&quot;sizes&quot;:{&quot;start&quot;:1,&quot;end&quot;:80}},&quot;motion_fx_motion_fx_mouse&quot;:&quot;yes&quot;,&quot;motion_fx_tilt_effect&quot;:&quot;yes&quot;,&quot;motion_fx_rotateZ_affectedRange&quot;:{&quot;unit&quot;:&quot;%&quot;,&quot;size&quot;:&quot;&quot;,&quot;sizes&quot;:{&quot;start&quot;:0,&quot;end&quot;:100}},&quot;motion_fx_scale_direction&quot;:&quot;out-in&quot;,&quot;motion_fx_devices&quot;:[&quot;desktop&quot;,&quot;tablet&quot;,&quot;mobile&quot;],&quot;motion_fx_tilt_speed&quot;:{&quot;unit&quot;:&quot;px&quot;,&quot;size&quot;:4,&quot;sizes&quot;:[]}}\" data-widget_type=\"image.default\">\n\t\t\t\t<div class=\"elementor-widget-container\">\n\t\t\t\t\t\t\t\t\t\t\t\t\t\t\t<img fetchpriority=\"high\" decoding=\"async\" width=\"1592\" height=\"1385\" src=\"https:\/\/trsexperts.pl\/wp-content\/uploads\/2025\/03\/shape.png\" class=\"attachment-full size-full wp-image-824\" alt=\"\" srcset=\"https:\/\/trsexperts.pl\/wp-content\/uploads\/2025\/03\/shape.png 1592w, https:\/\/trsexperts.pl\/wp-content\/uploads\/2025\/03\/shape-300x261.png 300w, https:\/\/trsexperts.pl\/wp-content\/uploads\/2025\/03\/shape-1024x891.png 1024w, https:\/\/trsexperts.pl\/wp-content\/uploads\/2025\/03\/shape-768x668.png 768w, https:\/\/trsexperts.pl\/wp-content\/uploads\/2025\/03\/shape-1536x1336.png 1536w, https:\/\/trsexperts.pl\/wp-content\/uploads\/2025\/03\/shape-14x12.png 14w\" sizes=\"(max-width: 1592px) 100vw, 1592px\" \/>\t\t\t\t\t\t\t\t\t\t\t\t\t\t\t<\/div>\n\t\t\t\t<\/div>\n\t\t\t\t<\/div>\n\t\t<div class=\"elementor-element elementor-element-76847dc e-con-full e-flex e-con e-child\" data-id=\"76847dc\" data-element_type=\"container\" data-settings=\"{&quot;background_background&quot;:&quot;classic&quot;}\">\n\t\t<div class=\"elementor-element elementor-element-f4ca760 e-con-full e-flex e-con e-child\" data-id=\"f4ca760\" data-element_type=\"container\">\n\t\t\t\t<div class=\"elementor-element elementor-element-aa57685 elementor-invisible elementor-widget elementor-widget-heading\" data-id=\"aa57685\" data-element_type=\"widget\" data-settings=\"{&quot;motion_fx_motion_fx_scrolling&quot;:&quot;yes&quot;,&quot;_animation&quot;:&quot;fadeInUp&quot;,&quot;motion_fx_devices&quot;:[&quot;desktop&quot;,&quot;tablet&quot;,&quot;mobile&quot;]}\" data-widget_type=\"heading.default\">\n\t\t\t\t<div class=\"elementor-widget-container\">\n\t\t\t\t\t<h2 class=\"elementor-heading-title elementor-size-default\">Polityka prywatno\u015bci<\/h2>\t\t\t\t<\/div>\n\t\t\t\t<\/div>\n\t\t\t\t<div class=\"elementor-element elementor-element-5dbd8e0 elementor-widget elementor-widget-text-editor\" data-id=\"5dbd8e0\" data-element_type=\"widget\" data-widget_type=\"text-editor.default\">\n\t\t\t\t<div class=\"elementor-widget-container\">\n\t\t\t\t\t\t\t\t\t<h3><span lang=\"EN-US\">Wprowadzenie<\/span><\/h3><p class=\"FirstParagraph\"><span lang=\"EN-US\">W TRS Expert zobowi\u0105zujemy si\u0119 do ochrony Twojej prywatno\u015bci. Niniejsza Polityka Prywatno\u015bci opisuje, w jaki spos\u00f3b zbieramy, wykorzystujemy i zarz\u0105dzamy danymi osobowymi os\u00f3b fizycznych oraz firm.<\/span><\/p><h3>Gromadzenie Informacji<\/h3><ol><li class=\"translation-block\"><strong>Dane Osobowe<\/strong>: Zbieramy dane osobowe takie jak imi\u0119 i nazwisko, adres e-mail, numer telefonu oraz adres podczas sk\u0142adania zam\u00f3wienia lub kontaktu z nami.<\/li><li class=\"translation-block\"><strong>Dane Nieosobowe<\/strong>: Mo\u017cemy r\u00f3wnie\u017c zbiera\u0107 dane nieosobowe, takie jak adresy IP oraz rodzaje przegl\u0105darek, w celach analitycznych.<\/li><\/ol><h3><span lang=\"EN-US\">Wykorzystanie Informacji<\/span><\/h3><ul><li class=\"translation-block\"><strong>Realizacja Zam\u00f3wie\u0144<\/strong>: Twoje dane osobowe s\u0105 wykorzystywane do przetwarzania i realizacji zam\u00f3wie\u0144.<\/li><li class=\"translation-block\"><strong>Komunikacja<\/strong>: Mo\u017cemy wykorzysta\u0107 Twoje dane kontaktowe do komunikacji dotycz\u0105cej Twoich zam\u00f3wie\u0144 lub cel\u00f3w marketingowych.<\/li><\/ul><h3><span lang=\"EN-US\">\u015arodki Bezpiecze\u0144stwa<\/span><\/h3><p class=\"FirstParagraph\"><span lang=\"EN-US\">Wdra\u017camy odpowiednie \u015brodki bezpiecze\u0144stwa, aby chroni\u0107 Twoje dane osobowe przed nieautoryzowanym dost\u0119pem, ujawnieniem, zmian\u0105 lub zniszczeniem.<\/span><\/p><h3><span lang=\"EN-US\">Zmiany w Polityce Prywatno\u015bci<\/span><\/h3><p class=\"FirstParagraph\"><span lang=\"EN-US\">Zastrzegamy sobie prawo do wprowadzania zmian w niniejszej Polityce Prywatno\u015bci w dowolnym momencie. Zmiany wchodz\u0105 w \u017cycie natychmiast po opublikowaniu na naszej stronie internetowej.<\/span><\/p><p class=\"FirstParagraph\"><span lang=\"EN-US\">Te przeredagowane strony maj\u0105 na celu dostarczenie jasnych i zwi\u0119z\u0142ych informacji dla Twoich klient\u00f3w, jednocze\u015bnie zapewniaj\u0105c zgodno\u015b\u0107 ze standardowymi praktykami.<\/span><\/p>\t\t\t\t\t\t\t\t<\/div>\n\t\t\t\t<\/div>\n\t\t\t\t<\/div>\n\t\t\t\t<\/div>\n\t\t\t\t\t<\/div>\n\t\t\t\t<\/div>\n\t\t\t\t<\/div>","protected":false},"excerpt":{"rendered":"<p>Privacy Policy Privacy Policy Introduction At TRS Expert, we are committed to protecting your privacy. This Privacy Policy outlines how we collect, use, and manage personal information about individuals and companies. Information Collection Personal Information: We collect personal information such as name, email address, phone number, and address when you place an order or contact [&hellip;]<\/p>","protected":false},"author":1,"featured_media":0,"parent":0,"menu_order":0,"comment_status":"closed","ping_status":"open","template":"","meta":{"footnotes":""},"class_list":["post-3","page","type-page","status-publish","hentry"],"_links":{"self":[{"href":"https:\/\/trsexperts.pl\/pl\/wp-json\/wp\/v2\/pages\/3","targetHints":{"allow":["GET"]}}],"collection":[{"href":"https:\/\/trsexperts.pl\/pl\/wp-json\/wp\/v2\/pages"}],"about":[{"href":"https:\/\/trsexperts.pl\/pl\/wp-json\/wp\/v2\/types\/page"}],"author":[{"embeddable":true,"href":"https:\/\/trsexperts.pl\/pl\/wp-json\/wp\/v2\/users\/1"}],"replies":[{"embeddable":true,"href":"https:\/\/trsexperts.pl\/pl\/wp-json\/wp\/v2\/comments?post=3"}],"version-history":[{"count":9,"href":"https:\/\/trsexperts.pl\/pl\/wp-json\/wp\/v2\/pages\/3\/revisions"}],"predecessor-version":[{"id":2156,"href":"https:\/\/trsexperts.pl\/pl\/wp-json\/wp\/v2\/pages\/3\/revisions\/2156"}],"wp:attachment":[{"href":"https:\/\/trsexperts.pl\/pl\/wp-json\/wp\/v2\/media?parent=3"}],"curies":[{"name":"wp","href":"https:\/\/api.w.org\/{rel}","templated":true}]}}