{"id":1864,"date":"2025-03-26T09:46:11","date_gmt":"2025-03-26T09:46:11","guid":{"rendered":"https:\/\/trsexpert.pl\/?page_id=1864"},"modified":"2025-05-23T05:35:09","modified_gmt":"2025-05-23T05:35:09","slug":"terms-and-conditions","status":"publish","type":"page","link":"https:\/\/trsexperts.pl\/pl\/terms-and-conditions\/","title":{"rendered":"Regulamin"},"content":{"rendered":"<div data-elementor-type=\"wp-page\" data-elementor-id=\"1864\" class=\"elementor elementor-1864\" data-elementor-post-type=\"page\">\n\t\t\t\t<div class=\"elementor-element elementor-element-8bac75c e-con-full e-flex e-con e-child\" data-id=\"8bac75c\" data-element_type=\"container\" data-settings=\"{&quot;background_background&quot;:&quot;classic&quot;,&quot;motion_fx_motion_fx_scrolling&quot;:&quot;yes&quot;,&quot;motion_fx_range&quot;:&quot;viewport&quot;,&quot;animation&quot;:&quot;none&quot;,&quot;background_motion_fx_motion_fx_scrolling&quot;:&quot;yes&quot;,&quot;background_motion_fx_translateY_effect&quot;:&quot;yes&quot;,&quot;background_motion_fx_translateY_direction&quot;:&quot;negative&quot;,&quot;background_motion_fx_translateY_speed&quot;:{&quot;unit&quot;:&quot;px&quot;,&quot;size&quot;:1.600000000000000088817841970012523233890533447265625,&quot;sizes&quot;:[]},&quot;background_motion_fx_translateX_effect&quot;:&quot;yes&quot;,&quot;background_motion_fx_translateX_speed&quot;:{&quot;unit&quot;:&quot;px&quot;,&quot;size&quot;:1,&quot;sizes&quot;:[]},&quot;background_motion_fx_scale_effect&quot;:&quot;yes&quot;,&quot;background_motion_fx_range&quot;:&quot;viewport&quot;,&quot;background_motion_fx_motion_fx_mouse&quot;:&quot;yes&quot;,&quot;background_motion_fx_translateY_affectedRange&quot;:{&quot;unit&quot;:&quot;%&quot;,&quot;size&quot;:&quot;&quot;,&quot;sizes&quot;:{&quot;start&quot;:0,&quot;end&quot;:100}},&quot;background_motion_fx_translateX_affectedRange&quot;:{&quot;unit&quot;:&quot;%&quot;,&quot;size&quot;:&quot;&quot;,&quot;sizes&quot;:{&quot;start&quot;:0,&quot;end&quot;:100}},&quot;background_motion_fx_scale_direction&quot;:&quot;out-in&quot;,&quot;background_motion_fx_scale_speed&quot;:{&quot;unit&quot;:&quot;px&quot;,&quot;size&quot;:4,&quot;sizes&quot;:[]},&quot;background_motion_fx_scale_range&quot;:{&quot;unit&quot;:&quot;%&quot;,&quot;size&quot;:&quot;&quot;,&quot;sizes&quot;:{&quot;start&quot;:20,&quot;end&quot;:80}},&quot;background_motion_fx_devices&quot;:[&quot;desktop&quot;,&quot;tablet&quot;,&quot;mobile&quot;],&quot;motion_fx_devices&quot;:[&quot;desktop&quot;,&quot;tablet&quot;,&quot;mobile&quot;]}\">\n\t\t<div class=\"elementor-element elementor-element-46e7304 e-flex e-con-boxed e-con e-child\" data-id=\"46e7304\" data-element_type=\"container\" data-settings=\"{&quot;background_background&quot;:&quot;classic&quot;,&quot;motion_fx_motion_fx_scrolling&quot;:&quot;yes&quot;,&quot;motion_fx_translateY_effect&quot;:&quot;yes&quot;,&quot;motion_fx_translateY_speed&quot;:{&quot;unit&quot;:&quot;px&quot;,&quot;size&quot;:4,&quot;sizes&quot;:[]},&quot;motion_fx_translateY_affectedRange&quot;:{&quot;unit&quot;:&quot;%&quot;,&quot;size&quot;:&quot;&quot;,&quot;sizes&quot;:{&quot;start&quot;:0,&quot;end&quot;:100}},&quot;motion_fx_devices&quot;:[&quot;desktop&quot;,&quot;tablet&quot;,&quot;mobile&quot;]}\">\n\t\t\t\t\t<div class=\"e-con-inner\">\n\t\t\t\t<div class=\"elementor-element elementor-element-82545c9 elementor-widget elementor-widget-heading\" data-id=\"82545c9\" data-element_type=\"widget\" data-widget_type=\"heading.default\">\n\t\t\t\t<div class=\"elementor-widget-container\">\n\t\t\t\t\t<h1 class=\"elementor-heading-title elementor-size-default\">Regulamin<\/h1>\t\t\t\t<\/div>\n\t\t\t\t<\/div>\n\t\t\t\t\t<\/div>\n\t\t\t\t<\/div>\n\t\t\t\t<\/div>\n\t\t<div class=\"elementor-element elementor-element-ce41025 e-flex e-con-boxed e-con e-child\" data-id=\"ce41025\" data-element_type=\"container\" data-settings=\"{&quot;background_background&quot;:&quot;classic&quot;}\">\n\t\t\t\t\t<div class=\"e-con-inner\">\n\t\t<div class=\"elementor-element elementor-element-2c6efa3 e-con-full background e-flex e-con e-child\" data-id=\"2c6efa3\" data-element_type=\"container\">\n\t\t\t\t<div class=\"elementor-element elementor-element-2fa6ab9 elementor-widget elementor-widget-image\" data-id=\"2fa6ab9\" data-element_type=\"widget\" data-settings=\"{&quot;motion_fx_motion_fx_scrolling&quot;:&quot;yes&quot;,&quot;motion_fx_rotateZ_effect&quot;:&quot;yes&quot;,&quot;motion_fx_rotateZ_speed&quot;:{&quot;unit&quot;:&quot;px&quot;,&quot;size&quot;:0.5,&quot;sizes&quot;:[]},&quot;motion_fx_scale_effect&quot;:&quot;yes&quot;,&quot;motion_fx_scale_speed&quot;:{&quot;unit&quot;:&quot;px&quot;,&quot;size&quot;:0,&quot;sizes&quot;:[]},&quot;motion_fx_scale_range&quot;:{&quot;unit&quot;:&quot;%&quot;,&quot;size&quot;:&quot;&quot;,&quot;sizes&quot;:{&quot;start&quot;:1,&quot;end&quot;:80}},&quot;motion_fx_motion_fx_mouse&quot;:&quot;yes&quot;,&quot;motion_fx_tilt_effect&quot;:&quot;yes&quot;,&quot;motion_fx_rotateZ_affectedRange&quot;:{&quot;unit&quot;:&quot;%&quot;,&quot;size&quot;:&quot;&quot;,&quot;sizes&quot;:{&quot;start&quot;:0,&quot;end&quot;:100}},&quot;motion_fx_scale_direction&quot;:&quot;out-in&quot;,&quot;motion_fx_devices&quot;:[&quot;desktop&quot;,&quot;tablet&quot;,&quot;mobile&quot;],&quot;motion_fx_tilt_speed&quot;:{&quot;unit&quot;:&quot;px&quot;,&quot;size&quot;:4,&quot;sizes&quot;:[]}}\" data-widget_type=\"image.default\">\n\t\t\t\t<div class=\"elementor-widget-container\">\n\t\t\t\t\t\t\t\t\t\t\t\t\t\t\t<img fetchpriority=\"high\" decoding=\"async\" width=\"1592\" height=\"1385\" src=\"https:\/\/trsexperts.pl\/wp-content\/uploads\/2025\/03\/shape.png\" class=\"attachment-full size-full wp-image-824\" alt=\"\" srcset=\"https:\/\/trsexperts.pl\/wp-content\/uploads\/2025\/03\/shape.png 1592w, https:\/\/trsexperts.pl\/wp-content\/uploads\/2025\/03\/shape-300x261.png 300w, https:\/\/trsexperts.pl\/wp-content\/uploads\/2025\/03\/shape-1024x891.png 1024w, https:\/\/trsexperts.pl\/wp-content\/uploads\/2025\/03\/shape-768x668.png 768w, https:\/\/trsexperts.pl\/wp-content\/uploads\/2025\/03\/shape-1536x1336.png 1536w, https:\/\/trsexperts.pl\/wp-content\/uploads\/2025\/03\/shape-14x12.png 14w\" sizes=\"(max-width: 1592px) 100vw, 1592px\" \/>\t\t\t\t\t\t\t\t\t\t\t\t\t\t\t<\/div>\n\t\t\t\t<\/div>\n\t\t\t\t<\/div>\n\t\t<div class=\"elementor-element elementor-element-2674464 e-con-full e-flex e-con e-child\" data-id=\"2674464\" data-element_type=\"container\" data-settings=\"{&quot;background_background&quot;:&quot;classic&quot;}\">\n\t\t<div class=\"elementor-element elementor-element-965bd93 e-con-full e-flex e-con e-child\" data-id=\"965bd93\" data-element_type=\"container\">\n\t\t\t\t<div class=\"elementor-element elementor-element-45878be elementor-invisible elementor-widget elementor-widget-heading\" data-id=\"45878be\" data-element_type=\"widget\" data-settings=\"{&quot;motion_fx_motion_fx_scrolling&quot;:&quot;yes&quot;,&quot;_animation&quot;:&quot;fadeInUp&quot;,&quot;motion_fx_devices&quot;:[&quot;desktop&quot;,&quot;tablet&quot;,&quot;mobile&quot;]}\" data-widget_type=\"heading.default\">\n\t\t\t\t<div class=\"elementor-widget-container\">\n\t\t\t\t\t<h2 class=\"elementor-heading-title elementor-size-default\">Regulamin<\/h2>\t\t\t\t<\/div>\n\t\t\t\t<\/div>\n\t\t\t\t<div class=\"elementor-element elementor-element-ce48bc3 elementor-widget elementor-widget-text-editor\" data-id=\"ce48bc3\" data-element_type=\"widget\" data-widget_type=\"text-editor.default\">\n\t\t\t\t<div class=\"elementor-widget-container\">\n\t\t\t\t\t\t\t\t\t<h3><span lang=\"EN-US\">Wprowadzenie<\/span><\/h3><p class=\"FirstParagraph\"><span lang=\"EN-US\">Witamy w TRS Expert \u2014 Twoim najlepszym \u017ar\u00f3dle produkt\u00f3w z suchego lodu. Niniejsze Warunki i Zasady okre\u015blaj\u0105 zasady korzystania z naszych us\u0142ug oraz zakupu naszych produkt\u00f3w. Prosimy o uwa\u017cne zapoznanie si\u0119 z nimi przed dokonaniem jakichkolwiek transakcji.<\/span><\/p><h3><span lang=\"EN-US\">Definicje<\/span><\/h3><ul><li class=\"translation-block\"><strong>\u201e<span lang=\"EN-US\">TRS Expert<\/span>\u201d<\/strong> odnosi si\u0119 do naszej firmy, <span lang=\"EN-US\">TRS Expert<\/span>.<\/li><li class=\"translation-block\"><strong>\u201eKlient\u201d<\/strong> oznacza ka\u017cd\u0105 osob\u0119 fizyczn\u0105 lub podmiot dokonuj\u0105cy zakupu produkt\u00f3w od nas.<\/li><li class=\"translation-block\"><strong>\u201eProdukty\u201d<\/strong> oznaczaj\u0105 suchy l\u00f3d oraz powi\u0105zane us\u0142ugi \u015bwiadczone przez <span lang=\"EN-US\">TRS Expert<\/span>.<\/li><\/ul><h3><span lang=\"EN-US\">Warunki Zakupu i P\u0142atno\u015bci<\/span><\/h3><ol><li class=\"translation-block\"><strong>Sk\u0142adanie Zam\u00f3wienia<\/strong>: Zam\u00f3wienia musz\u0105 by\u0107 z\u0142o\u017cone co najmniej dzie\u0144 przed planowan\u0105 dat\u0105 odbioru.<\/li><li class=\"translation-block\"><strong>Warunki P\u0142atno\u015bci<\/strong>: P\u0142atno\u015b\u0107 jest wymagana w momencie potwierdzenia zam\u00f3wienia. Akceptujemy nast\u0119puj\u0105ce metody p\u0142atno\u015bci: [wymie\u0144 metody p\u0142atno\u015bci].<\/li><li class=\"translation-block\"><strong>Polityka Anulowania<\/strong>: Zam\u00f3wienia mo\u017cna anulowa\u0107 do 24 godzin przed planowanym terminem odbioru. Anulacje po tym terminie mog\u0105 wi\u0105za\u0107 si\u0119 z op\u0142at\u0105.<\/li><\/ol><h3><span lang=\"EN-US\">Odpowiedzialno\u015b\u0107 i Gwarancja<\/span><\/h3><ol><li class=\"translation-block\"><strong>Jako\u015b\u0107 Produktu<\/strong>: Gwarantujemy wysok\u0105 jako\u015b\u0107 naszego suchego lodu. Jednak ze wzgl\u0119du na jego ulotn\u0105 natur\u0119 nie mo\u017cemy zapewni\u0107 jego stanu po odbiorze.<\/li><li class=\"translation-block\"><strong>Odpowiedzialno\u015b\u0107<\/strong>: <span lang=\"EN-US\">TRS Expert<\/span> nie ponosi odpowiedzialno\u015bci za jakiekolwiek szkody lub straty wynikaj\u0105ce z niew\u0142a\u015bciwego u\u017cycia naszych produkt\u00f3w.<\/li><\/ol><h3><span lang=\"EN-US\">Prawo W\u0142a\u015bciwe<\/span><\/h3><p class=\"FirstParagraph\"><span lang=\"EN-US\">Niniejsze Warunki i Zasady podlegaj\u0105 prawu [Twojego kraju\/wojew\u00f3dztwa] i s\u0105 interpretowane zgodnie z tym prawem. Wszelkie spory wynikaj\u0105ce z tych warunk\u00f3w b\u0119d\u0105 rozstrzygane poprzez [proces rozstrzygania spor\u00f3w].<\/span><\/p><p>\u00a0<\/p><h3><span lang=\"EN-US\">Zmiany w Warunkach<\/span><\/h3><p class=\"FirstParagraph\"><span lang=\"EN-US\">Zastrzegamy sobie prawo do wprowadzania zmian w niniejszych Warunkach i Zasadach w dowolnym momencie. Zmiany wchodz\u0105 w \u017cycie natychmiast po opublikowaniu na naszej stronie internetowej.<\/span><\/p>\t\t\t\t\t\t\t\t<\/div>\n\t\t\t\t<\/div>\n\t\t\t\t<\/div>\n\t\t\t\t<\/div>\n\t\t\t\t\t<\/div>\n\t\t\t\t<\/div>\n\t\t\t\t<\/div>","protected":false},"excerpt":{"rendered":"<p>Terms and Conditions Terms and Conditions Introduction Welcome to TRS Expert, your premier source for dry ice products. These Terms and Conditions outline the rules and guidelines for using our services and purchasing our products. Please read them carefully before proceeding with any transactions. Definitions \u201cTRS Expert\u201d refers to our company, TRS Expert. \u201cCustomer\u201d refers [&hellip;]<\/p>","protected":false},"author":1,"featured_media":0,"parent":0,"menu_order":0,"comment_status":"closed","ping_status":"closed","template":"","meta":{"footnotes":""},"class_list":["post-1864","page","type-page","status-publish","hentry"],"_links":{"self":[{"href":"https:\/\/trsexperts.pl\/pl\/wp-json\/wp\/v2\/pages\/1864","targetHints":{"allow":["GET"]}}],"collection":[{"href":"https:\/\/trsexperts.pl\/pl\/wp-json\/wp\/v2\/pages"}],"about":[{"href":"https:\/\/trsexperts.pl\/pl\/wp-json\/wp\/v2\/types\/page"}],"author":[{"embeddable":true,"href":"https:\/\/trsexperts.pl\/pl\/wp-json\/wp\/v2\/users\/1"}],"replies":[{"embeddable":true,"href":"https:\/\/trsexperts.pl\/pl\/wp-json\/wp\/v2\/comments?post=1864"}],"version-history":[{"count":10,"href":"https:\/\/trsexperts.pl\/pl\/wp-json\/wp\/v2\/pages\/1864\/revisions"}],"predecessor-version":[{"id":2159,"href":"https:\/\/trsexperts.pl\/pl\/wp-json\/wp\/v2\/pages\/1864\/revisions\/2159"}],"wp:attachment":[{"href":"https:\/\/trsexperts.pl\/pl\/wp-json\/wp\/v2\/media?parent=1864"}],"curies":[{"name":"wp","href":"https:\/\/api.w.org\/{rel}","templated":true}]}}