{"id":1862,"date":"2025-03-26T09:45:54","date_gmt":"2025-03-26T09:45:54","guid":{"rendered":"https:\/\/trsexpert.pl\/?page_id=1862"},"modified":"2025-05-23T05:35:33","modified_gmt":"2025-05-23T05:35:33","slug":"delivery-shipping","status":"publish","type":"page","link":"https:\/\/trsexperts.pl\/pl\/delivery-shipping\/","title":{"rendered":"Dostawa i wysy\u0142ka"},"content":{"rendered":"<div data-elementor-type=\"wp-page\" data-elementor-id=\"1862\" class=\"elementor elementor-1862\" data-elementor-post-type=\"page\">\n\t\t\t\t<div class=\"elementor-element elementor-element-180298e e-con-full e-flex e-con e-child\" data-id=\"180298e\" data-element_type=\"container\" data-settings=\"{&quot;background_background&quot;:&quot;classic&quot;,&quot;motion_fx_motion_fx_scrolling&quot;:&quot;yes&quot;,&quot;motion_fx_range&quot;:&quot;viewport&quot;,&quot;animation&quot;:&quot;none&quot;,&quot;background_motion_fx_motion_fx_scrolling&quot;:&quot;yes&quot;,&quot;background_motion_fx_translateY_effect&quot;:&quot;yes&quot;,&quot;background_motion_fx_translateY_direction&quot;:&quot;negative&quot;,&quot;background_motion_fx_translateY_speed&quot;:{&quot;unit&quot;:&quot;px&quot;,&quot;size&quot;:1.600000000000000088817841970012523233890533447265625,&quot;sizes&quot;:[]},&quot;background_motion_fx_translateX_effect&quot;:&quot;yes&quot;,&quot;background_motion_fx_translateX_speed&quot;:{&quot;unit&quot;:&quot;px&quot;,&quot;size&quot;:1,&quot;sizes&quot;:[]},&quot;background_motion_fx_scale_effect&quot;:&quot;yes&quot;,&quot;background_motion_fx_range&quot;:&quot;viewport&quot;,&quot;background_motion_fx_motion_fx_mouse&quot;:&quot;yes&quot;,&quot;background_motion_fx_translateY_affectedRange&quot;:{&quot;unit&quot;:&quot;%&quot;,&quot;size&quot;:&quot;&quot;,&quot;sizes&quot;:{&quot;start&quot;:0,&quot;end&quot;:100}},&quot;background_motion_fx_translateX_affectedRange&quot;:{&quot;unit&quot;:&quot;%&quot;,&quot;size&quot;:&quot;&quot;,&quot;sizes&quot;:{&quot;start&quot;:0,&quot;end&quot;:100}},&quot;background_motion_fx_scale_direction&quot;:&quot;out-in&quot;,&quot;background_motion_fx_scale_speed&quot;:{&quot;unit&quot;:&quot;px&quot;,&quot;size&quot;:4,&quot;sizes&quot;:[]},&quot;background_motion_fx_scale_range&quot;:{&quot;unit&quot;:&quot;%&quot;,&quot;size&quot;:&quot;&quot;,&quot;sizes&quot;:{&quot;start&quot;:20,&quot;end&quot;:80}},&quot;background_motion_fx_devices&quot;:[&quot;desktop&quot;,&quot;tablet&quot;,&quot;mobile&quot;],&quot;motion_fx_devices&quot;:[&quot;desktop&quot;,&quot;tablet&quot;,&quot;mobile&quot;]}\">\n\t\t<div class=\"elementor-element elementor-element-fdfa542 e-flex e-con-boxed e-con e-child\" data-id=\"fdfa542\" data-element_type=\"container\" data-settings=\"{&quot;background_background&quot;:&quot;classic&quot;,&quot;motion_fx_motion_fx_scrolling&quot;:&quot;yes&quot;,&quot;motion_fx_translateY_effect&quot;:&quot;yes&quot;,&quot;motion_fx_translateY_speed&quot;:{&quot;unit&quot;:&quot;px&quot;,&quot;size&quot;:4,&quot;sizes&quot;:[]},&quot;motion_fx_translateY_affectedRange&quot;:{&quot;unit&quot;:&quot;%&quot;,&quot;size&quot;:&quot;&quot;,&quot;sizes&quot;:{&quot;start&quot;:0,&quot;end&quot;:100}},&quot;motion_fx_devices&quot;:[&quot;desktop&quot;,&quot;tablet&quot;,&quot;mobile&quot;]}\">\n\t\t\t\t\t<div class=\"e-con-inner\">\n\t\t\t\t<div class=\"elementor-element elementor-element-8c6090d elementor-widget elementor-widget-heading\" data-id=\"8c6090d\" data-element_type=\"widget\" data-widget_type=\"heading.default\">\n\t\t\t\t<div class=\"elementor-widget-container\">\n\t\t\t\t\t<h1 class=\"elementor-heading-title elementor-size-default\">Dostawa i wysy\u0142ka<\/h1>\t\t\t\t<\/div>\n\t\t\t\t<\/div>\n\t\t\t\t\t<\/div>\n\t\t\t\t<\/div>\n\t\t\t\t<\/div>\n\t\t<div class=\"elementor-element elementor-element-0e78419 e-flex e-con-boxed e-con e-child\" data-id=\"0e78419\" data-element_type=\"container\" data-settings=\"{&quot;background_background&quot;:&quot;classic&quot;}\">\n\t\t\t\t\t<div class=\"e-con-inner\">\n\t\t<div class=\"elementor-element elementor-element-332e80e e-con-full background e-flex e-con e-child\" data-id=\"332e80e\" data-element_type=\"container\">\n\t\t\t\t<div class=\"elementor-element elementor-element-68d2e8a elementor-widget elementor-widget-image\" data-id=\"68d2e8a\" data-element_type=\"widget\" data-settings=\"{&quot;motion_fx_motion_fx_scrolling&quot;:&quot;yes&quot;,&quot;motion_fx_rotateZ_effect&quot;:&quot;yes&quot;,&quot;motion_fx_rotateZ_speed&quot;:{&quot;unit&quot;:&quot;px&quot;,&quot;size&quot;:0.5,&quot;sizes&quot;:[]},&quot;motion_fx_scale_effect&quot;:&quot;yes&quot;,&quot;motion_fx_scale_speed&quot;:{&quot;unit&quot;:&quot;px&quot;,&quot;size&quot;:0,&quot;sizes&quot;:[]},&quot;motion_fx_scale_range&quot;:{&quot;unit&quot;:&quot;%&quot;,&quot;size&quot;:&quot;&quot;,&quot;sizes&quot;:{&quot;start&quot;:1,&quot;end&quot;:80}},&quot;motion_fx_motion_fx_mouse&quot;:&quot;yes&quot;,&quot;motion_fx_tilt_effect&quot;:&quot;yes&quot;,&quot;motion_fx_rotateZ_affectedRange&quot;:{&quot;unit&quot;:&quot;%&quot;,&quot;size&quot;:&quot;&quot;,&quot;sizes&quot;:{&quot;start&quot;:0,&quot;end&quot;:100}},&quot;motion_fx_scale_direction&quot;:&quot;out-in&quot;,&quot;motion_fx_devices&quot;:[&quot;desktop&quot;,&quot;tablet&quot;,&quot;mobile&quot;],&quot;motion_fx_tilt_speed&quot;:{&quot;unit&quot;:&quot;px&quot;,&quot;size&quot;:4,&quot;sizes&quot;:[]}}\" data-widget_type=\"image.default\">\n\t\t\t\t<div class=\"elementor-widget-container\">\n\t\t\t\t\t\t\t\t\t\t\t\t\t\t\t<img fetchpriority=\"high\" decoding=\"async\" width=\"1592\" height=\"1385\" src=\"https:\/\/trsexperts.pl\/wp-content\/uploads\/2025\/03\/shape.png\" class=\"attachment-full size-full wp-image-824\" alt=\"\" srcset=\"https:\/\/trsexperts.pl\/wp-content\/uploads\/2025\/03\/shape.png 1592w, https:\/\/trsexperts.pl\/wp-content\/uploads\/2025\/03\/shape-300x261.png 300w, https:\/\/trsexperts.pl\/wp-content\/uploads\/2025\/03\/shape-1024x891.png 1024w, https:\/\/trsexperts.pl\/wp-content\/uploads\/2025\/03\/shape-768x668.png 768w, https:\/\/trsexperts.pl\/wp-content\/uploads\/2025\/03\/shape-1536x1336.png 1536w, https:\/\/trsexperts.pl\/wp-content\/uploads\/2025\/03\/shape-14x12.png 14w\" sizes=\"(max-width: 1592px) 100vw, 1592px\" \/>\t\t\t\t\t\t\t\t\t\t\t\t\t\t\t<\/div>\n\t\t\t\t<\/div>\n\t\t\t\t<\/div>\n\t\t<div class=\"elementor-element elementor-element-15f6669 e-con-full e-flex e-con e-child\" data-id=\"15f6669\" data-element_type=\"container\" data-settings=\"{&quot;background_background&quot;:&quot;classic&quot;}\">\n\t\t<div class=\"elementor-element elementor-element-6484003 e-con-full e-flex e-con e-child\" data-id=\"6484003\" data-element_type=\"container\">\n\t\t\t\t<div class=\"elementor-element elementor-element-496ace7 elementor-invisible elementor-widget elementor-widget-heading\" data-id=\"496ace7\" data-element_type=\"widget\" data-settings=\"{&quot;motion_fx_motion_fx_scrolling&quot;:&quot;yes&quot;,&quot;_animation&quot;:&quot;fadeInUp&quot;,&quot;motion_fx_devices&quot;:[&quot;desktop&quot;,&quot;tablet&quot;,&quot;mobile&quot;]}\" data-widget_type=\"heading.default\">\n\t\t\t\t<div class=\"elementor-widget-container\">\n\t\t\t\t\t<h2 class=\"elementor-heading-title elementor-size-default\">Dostawa i wysy\u0142ka<\/h2>\t\t\t\t<\/div>\n\t\t\t\t<\/div>\n\t\t\t\t<div class=\"elementor-element elementor-element-6daaaec elementor-widget elementor-widget-text-editor\" data-id=\"6daaaec\" data-element_type=\"widget\" data-widget_type=\"text-editor.default\">\n\t\t\t\t<div class=\"elementor-widget-container\">\n\t\t\t\t\t\t\t\t\t<h3><span lang=\"EN-US\">Wprowadzenie<\/span><\/h3><p class=\"FirstParagraph\"><span lang=\"EN-US\">W TRS Expert doskonale rozumiemy, jak istotna jest terminowa dostawa dla naszych klient\u00f3w. Poni\u017cej przedstawiamy szczeg\u00f3\u0142y dotycz\u0105ce naszych zasad wysy\u0142ki i dostawy.<\/span><\/p><h3><span lang=\"EN-US\">Miejsca Odbioru<\/span><\/h3><p class=\"FirstParagraph\"><span lang=\"EN-US\">Oferujemy dogodne opcje odbioru w nast\u0119puj\u0105cych lokalizacjach:<br \/><\/span><\/p><h3><span lang=\"EN-US\">Proces Zam\u00f3wienia i Odbioru<\/span><\/h3><ol><li class=\"translation-block\"><strong>Sk\u0142adanie Zam\u00f3wienia<\/strong>: Zam\u00f3wienia musz\u0105 by\u0107 z\u0142o\u017cone co najmniej dzie\u0144 przed planowan\u0105 dat\u0105 odbioru.<\/li><li class=\"translation-block\"><strong>Godziny Odbioru<\/strong>: Odbi\u00f3r jest mo\u017cliwy w godzinach naszej pracy. Prosimy sprawdzi\u0107 nasz\u0105 stron\u0119 internetow\u0105, aby uzyska\u0107 szczeg\u00f3\u0142owe informacje.<\/li><\/ol><h3><span lang=\"EN-US\">Obs\u0142uga i Bezpiecze\u0144stwo<\/span><\/h3><ul><li class=\"translation-block\"><strong>Obs\u0142uga<\/strong>: Suchy l\u00f3d jest materia\u0142em niebezpiecznym i nale\u017cy obchodzi\u0107 si\u0119 z nim ostro\u017cnie. Zawsze u\u017cywaj r\u0119kawic ochronnych podczas jego obs\u0142ugi.<\/li><li class=\"translation-block\"><strong>\u015arodki Ostro\u017cno\u015bci<\/strong>: Trzymaj suchy l\u00f3d z dala od dzieci i zwierz\u0105t. Nie przechowuj go w zamkni\u0119tych pomieszczeniach.<\/li><\/ul>\t\t\t\t\t\t\t\t<\/div>\n\t\t\t\t<\/div>\n\t\t\t\t<\/div>\n\t\t\t\t<\/div>\n\t\t\t\t\t<\/div>\n\t\t\t\t<\/div>\n\t\t\t\t<\/div>","protected":false},"excerpt":{"rendered":"<p>Delivery &amp; Shipping Delivery &amp; Shipping Introduction At TRS Expert, we understand the importance of timely delivery for our customers. Below are the details of our shipping and delivery policies. Pickup Locations We offer convenient pickup options at the following locations: Order and Pickup Process Order Placement: Orders must be placed at least one day [&hellip;]<\/p>","protected":false},"author":1,"featured_media":0,"parent":0,"menu_order":0,"comment_status":"closed","ping_status":"closed","template":"","meta":{"footnotes":""},"class_list":["post-1862","page","type-page","status-publish","hentry"],"_links":{"self":[{"href":"https:\/\/trsexperts.pl\/pl\/wp-json\/wp\/v2\/pages\/1862","targetHints":{"allow":["GET"]}}],"collection":[{"href":"https:\/\/trsexperts.pl\/pl\/wp-json\/wp\/v2\/pages"}],"about":[{"href":"https:\/\/trsexperts.pl\/pl\/wp-json\/wp\/v2\/types\/page"}],"author":[{"embeddable":true,"href":"https:\/\/trsexperts.pl\/pl\/wp-json\/wp\/v2\/users\/1"}],"replies":[{"embeddable":true,"href":"https:\/\/trsexperts.pl\/pl\/wp-json\/wp\/v2\/comments?post=1862"}],"version-history":[{"count":10,"href":"https:\/\/trsexperts.pl\/pl\/wp-json\/wp\/v2\/pages\/1862\/revisions"}],"predecessor-version":[{"id":2162,"href":"https:\/\/trsexperts.pl\/pl\/wp-json\/wp\/v2\/pages\/1862\/revisions\/2162"}],"wp:attachment":[{"href":"https:\/\/trsexperts.pl\/pl\/wp-json\/wp\/v2\/media?parent=1862"}],"curies":[{"name":"wp","href":"https:\/\/api.w.org\/{rel}","templated":true}]}}