{"id":1571,"date":"2025-03-26T04:38:10","date_gmt":"2025-03-26T04:38:10","guid":{"rendered":"https:\/\/trsexpert.pl\/?page_id=1571"},"modified":"2025-03-26T09:22:00","modified_gmt":"2025-03-26T09:22:00","slug":"about-dry-ice","status":"publish","type":"page","link":"https:\/\/trsexperts.pl\/pl\/about-dry-ice\/","title":{"rendered":"O suchym lodzie"},"content":{"rendered":"<div data-elementor-type=\"wp-page\" data-elementor-id=\"1571\" class=\"elementor elementor-1571\" data-elementor-post-type=\"page\">\n\t\t\t\t<div class=\"elementor-element elementor-element-08b7ddb e-con-full e-flex e-con e-child\" data-id=\"08b7ddb\" data-element_type=\"container\" data-settings=\"{&quot;background_background&quot;:&quot;classic&quot;,&quot;motion_fx_motion_fx_scrolling&quot;:&quot;yes&quot;,&quot;motion_fx_range&quot;:&quot;viewport&quot;,&quot;animation&quot;:&quot;none&quot;,&quot;background_motion_fx_motion_fx_scrolling&quot;:&quot;yes&quot;,&quot;background_motion_fx_translateY_effect&quot;:&quot;yes&quot;,&quot;background_motion_fx_translateY_direction&quot;:&quot;negative&quot;,&quot;background_motion_fx_translateY_speed&quot;:{&quot;unit&quot;:&quot;px&quot;,&quot;size&quot;:1.600000000000000088817841970012523233890533447265625,&quot;sizes&quot;:[]},&quot;background_motion_fx_translateX_effect&quot;:&quot;yes&quot;,&quot;background_motion_fx_translateX_speed&quot;:{&quot;unit&quot;:&quot;px&quot;,&quot;size&quot;:1,&quot;sizes&quot;:[]},&quot;background_motion_fx_scale_effect&quot;:&quot;yes&quot;,&quot;background_motion_fx_range&quot;:&quot;viewport&quot;,&quot;background_motion_fx_motion_fx_mouse&quot;:&quot;yes&quot;,&quot;background_motion_fx_translateY_affectedRange&quot;:{&quot;unit&quot;:&quot;%&quot;,&quot;size&quot;:&quot;&quot;,&quot;sizes&quot;:{&quot;start&quot;:0,&quot;end&quot;:100}},&quot;background_motion_fx_translateX_affectedRange&quot;:{&quot;unit&quot;:&quot;%&quot;,&quot;size&quot;:&quot;&quot;,&quot;sizes&quot;:{&quot;start&quot;:0,&quot;end&quot;:100}},&quot;background_motion_fx_scale_direction&quot;:&quot;out-in&quot;,&quot;background_motion_fx_scale_speed&quot;:{&quot;unit&quot;:&quot;px&quot;,&quot;size&quot;:4,&quot;sizes&quot;:[]},&quot;background_motion_fx_scale_range&quot;:{&quot;unit&quot;:&quot;%&quot;,&quot;size&quot;:&quot;&quot;,&quot;sizes&quot;:{&quot;start&quot;:20,&quot;end&quot;:80}},&quot;background_motion_fx_devices&quot;:[&quot;desktop&quot;,&quot;tablet&quot;,&quot;mobile&quot;],&quot;motion_fx_devices&quot;:[&quot;desktop&quot;,&quot;tablet&quot;,&quot;mobile&quot;]}\">\n\t\t<div class=\"elementor-element elementor-element-ebf51c2 e-flex e-con-boxed e-con e-child\" data-id=\"ebf51c2\" data-element_type=\"container\" data-settings=\"{&quot;background_background&quot;:&quot;classic&quot;,&quot;motion_fx_motion_fx_scrolling&quot;:&quot;yes&quot;,&quot;motion_fx_translateY_effect&quot;:&quot;yes&quot;,&quot;motion_fx_translateY_speed&quot;:{&quot;unit&quot;:&quot;px&quot;,&quot;size&quot;:4,&quot;sizes&quot;:[]},&quot;motion_fx_translateY_affectedRange&quot;:{&quot;unit&quot;:&quot;%&quot;,&quot;size&quot;:&quot;&quot;,&quot;sizes&quot;:{&quot;start&quot;:0,&quot;end&quot;:100}},&quot;motion_fx_devices&quot;:[&quot;desktop&quot;,&quot;tablet&quot;,&quot;mobile&quot;]}\">\n\t\t\t\t\t<div class=\"e-con-inner\">\n\t\t\t\t<div class=\"elementor-element elementor-element-5750896 elementor-widget elementor-widget-heading\" data-id=\"5750896\" data-element_type=\"widget\" data-widget_type=\"heading.default\">\n\t\t\t\t<div class=\"elementor-widget-container\">\n\t\t\t\t\t<h1 class=\"elementor-heading-title elementor-size-default\">O suchym lodzie<\/h1>\t\t\t\t<\/div>\n\t\t\t\t<\/div>\n\t\t\t\t\t<\/div>\n\t\t\t\t<\/div>\n\t\t\t\t<\/div>\n\t\t<div class=\"elementor-element elementor-element-0a6ad98 e-flex e-con-boxed e-con e-child\" data-id=\"0a6ad98\" data-element_type=\"container\" data-settings=\"{&quot;background_background&quot;:&quot;classic&quot;}\">\n\t\t\t\t\t<div class=\"e-con-inner\">\n\t\t<div class=\"elementor-element elementor-element-138ea50 e-con-full background e-flex e-con e-child\" data-id=\"138ea50\" data-element_type=\"container\">\n\t\t\t\t<div class=\"elementor-element elementor-element-f21179d elementor-widget elementor-widget-image\" data-id=\"f21179d\" data-element_type=\"widget\" data-settings=\"{&quot;motion_fx_motion_fx_scrolling&quot;:&quot;yes&quot;,&quot;motion_fx_rotateZ_effect&quot;:&quot;yes&quot;,&quot;motion_fx_rotateZ_speed&quot;:{&quot;unit&quot;:&quot;px&quot;,&quot;size&quot;:0.5,&quot;sizes&quot;:[]},&quot;motion_fx_scale_effect&quot;:&quot;yes&quot;,&quot;motion_fx_scale_speed&quot;:{&quot;unit&quot;:&quot;px&quot;,&quot;size&quot;:0,&quot;sizes&quot;:[]},&quot;motion_fx_scale_range&quot;:{&quot;unit&quot;:&quot;%&quot;,&quot;size&quot;:&quot;&quot;,&quot;sizes&quot;:{&quot;start&quot;:1,&quot;end&quot;:80}},&quot;motion_fx_motion_fx_mouse&quot;:&quot;yes&quot;,&quot;motion_fx_tilt_effect&quot;:&quot;yes&quot;,&quot;motion_fx_rotateZ_affectedRange&quot;:{&quot;unit&quot;:&quot;%&quot;,&quot;size&quot;:&quot;&quot;,&quot;sizes&quot;:{&quot;start&quot;:0,&quot;end&quot;:100}},&quot;motion_fx_scale_direction&quot;:&quot;out-in&quot;,&quot;motion_fx_devices&quot;:[&quot;desktop&quot;,&quot;tablet&quot;,&quot;mobile&quot;],&quot;motion_fx_tilt_speed&quot;:{&quot;unit&quot;:&quot;px&quot;,&quot;size&quot;:4,&quot;sizes&quot;:[]}}\" data-widget_type=\"image.default\">\n\t\t\t\t<div class=\"elementor-widget-container\">\n\t\t\t\t\t\t\t\t\t\t\t\t\t\t\t<img fetchpriority=\"high\" decoding=\"async\" width=\"1592\" height=\"1385\" src=\"https:\/\/trsexperts.pl\/wp-content\/uploads\/2025\/03\/shape.png\" class=\"attachment-full size-full wp-image-824\" alt=\"\" srcset=\"https:\/\/trsexperts.pl\/wp-content\/uploads\/2025\/03\/shape.png 1592w, https:\/\/trsexperts.pl\/wp-content\/uploads\/2025\/03\/shape-300x261.png 300w, https:\/\/trsexperts.pl\/wp-content\/uploads\/2025\/03\/shape-1024x891.png 1024w, https:\/\/trsexperts.pl\/wp-content\/uploads\/2025\/03\/shape-768x668.png 768w, https:\/\/trsexperts.pl\/wp-content\/uploads\/2025\/03\/shape-1536x1336.png 1536w, https:\/\/trsexperts.pl\/wp-content\/uploads\/2025\/03\/shape-14x12.png 14w\" sizes=\"(max-width: 1592px) 100vw, 1592px\" \/>\t\t\t\t\t\t\t\t\t\t\t\t\t\t\t<\/div>\n\t\t\t\t<\/div>\n\t\t\t\t<\/div>\n\t\t<div class=\"elementor-element elementor-element-ae8bec9 e-con-full e-flex e-con e-child\" data-id=\"ae8bec9\" data-element_type=\"container\" data-settings=\"{&quot;background_background&quot;:&quot;classic&quot;}\">\n\t\t<div class=\"elementor-element elementor-element-6027d0d e-con-full e-flex e-con e-child\" data-id=\"6027d0d\" data-element_type=\"container\">\n\t\t\t\t<div class=\"elementor-element elementor-element-be462df elementor-invisible elementor-widget elementor-widget-heading\" data-id=\"be462df\" data-element_type=\"widget\" data-settings=\"{&quot;motion_fx_motion_fx_scrolling&quot;:&quot;yes&quot;,&quot;_animation&quot;:&quot;fadeInUp&quot;,&quot;motion_fx_devices&quot;:[&quot;desktop&quot;,&quot;tablet&quot;,&quot;mobile&quot;]}\" data-widget_type=\"heading.default\">\n\t\t\t\t<div class=\"elementor-widget-container\">\n\t\t\t\t\t<h2 class=\"elementor-heading-title elementor-size-default\">O suchym lodzie<\/h2>\t\t\t\t<\/div>\n\t\t\t\t<\/div>\n\t\t\t\t<div class=\"elementor-element elementor-element-9888ba1 elementor-widget elementor-widget-heading\" data-id=\"9888ba1\" data-element_type=\"widget\" data-widget_type=\"heading.default\">\n\t\t\t\t<div class=\"elementor-widget-container\">\n\t\t\t\t\t<p class=\"elementor-heading-title elementor-size-default\">Dry ice has been used for over a century, but its popularity has surged in recent years. While it's commonly known for traditional cooling, its uses go far beyond that. From creating a captivating dining experience in restaurants to adding dramatic effects to events, theater productions, and even classroom experiments, dry ice brings a touch of magic to any setting!\n\n\n\n\n\n\n\n\n<\/p>\t\t\t\t<\/div>\n\t\t\t\t<\/div>\n\t\t\t\t<\/div>\n\t\t<div class=\"elementor-element elementor-element-d55e403 e-con-full e-flex e-con e-child\" data-id=\"d55e403\" data-element_type=\"container\">\n\t\t<div class=\"elementor-element elementor-element-e9f3281 e-con-full e-flex e-con e-child\" data-id=\"e9f3281\" data-element_type=\"container\">\n\t\t\t\t<div class=\"elementor-element elementor-element-6d91616 elementor-widget elementor-widget-image\" data-id=\"6d91616\" data-element_type=\"widget\" data-widget_type=\"image.default\">\n\t\t\t\t<div class=\"elementor-widget-container\">\n\t\t\t\t\t\t\t\t\t\t\t\t\t\t\t<img decoding=\"async\" width=\"800\" height=\"450\" src=\"https:\/\/trsexperts.pl\/wp-content\/uploads\/2025\/03\/Untitled-design-1-1-1024x576.png\" class=\"attachment-large size-large wp-image-1582\" alt=\"\" srcset=\"https:\/\/trsexperts.pl\/wp-content\/uploads\/2025\/03\/Untitled-design-1-1-1024x576.png 1024w, https:\/\/trsexperts.pl\/wp-content\/uploads\/2025\/03\/Untitled-design-1-1-300x169.png 300w, https:\/\/trsexperts.pl\/wp-content\/uploads\/2025\/03\/Untitled-design-1-1-768x432.png 768w, https:\/\/trsexperts.pl\/wp-content\/uploads\/2025\/03\/Untitled-design-1-1-1536x864.png 1536w, https:\/\/trsexperts.pl\/wp-content\/uploads\/2025\/03\/Untitled-design-1-1-2048x1152.png 2048w, https:\/\/trsexperts.pl\/wp-content\/uploads\/2025\/03\/Untitled-design-1-1-18x10.png 18w\" sizes=\"(max-width: 800px) 100vw, 800px\" \/>\t\t\t\t\t\t\t\t\t\t\t\t\t\t\t<\/div>\n\t\t\t\t<\/div>\n\t\t\t\t<\/div>\n\t\t<div class=\"elementor-element elementor-element-127cdad e-con-full e-flex e-con e-child\" data-id=\"127cdad\" data-element_type=\"container\">\n\t\t\t\t<div class=\"elementor-element elementor-element-ad11b60 elementor-widget elementor-widget-heading\" data-id=\"ad11b60\" data-element_type=\"widget\" data-widget_type=\"heading.default\">\n\t\t\t\t<div class=\"elementor-widget-container\">\n\t\t\t\t\t<h3 class=\"elementor-heading-title elementor-size-default\">What is it?\n<\/h3>\t\t\t\t<\/div>\n\t\t\t\t<\/div>\n\t\t\t\t<div class=\"elementor-element elementor-element-9c3f6eb elementor-widget elementor-widget-heading\" data-id=\"9c3f6eb\" data-element_type=\"widget\" data-widget_type=\"heading.default\">\n\t\t\t\t<div class=\"elementor-widget-container\">\n\t\t\t\t\t<p class=\"elementor-heading-title elementor-size-default\">Dry ice is the solid form of carbon dioxide (CO\u2082). With an extremely low temperature of -78.5\u00b0C, it transitions directly from a solid to a gas without becoming a liquid, a process known as sublimation. This unique property makes it \"dry\" ice, as it leaves no residue behind.\n<br><br>\nColorless, tasteless, and odourless, dry ice is also bacteriostatic and produced using non-toxic, food-grade CO\u2082. While it is completely safe and non-toxic, its extremely cold surface requires careful handling\u2014always use gloves to prevent frostbite.<\/p>\t\t\t\t<\/div>\n\t\t\t\t<\/div>\n\t\t\t\t<\/div>\n\t\t\t\t<\/div>\n\t\t<div class=\"elementor-element elementor-element-3b72876 e-con-full e-flex e-con e-child\" data-id=\"3b72876\" data-element_type=\"container\">\n\t\t<div class=\"elementor-element elementor-element-132542b e-con-full e-flex e-con e-child\" data-id=\"132542b\" data-element_type=\"container\">\n\t\t\t\t<div class=\"elementor-element elementor-element-63d691c elementor-widget elementor-widget-heading\" data-id=\"63d691c\" data-element_type=\"widget\" data-widget_type=\"heading.default\">\n\t\t\t\t<div class=\"elementor-widget-container\">\n\t\t\t\t\t<h3 class=\"elementor-heading-title elementor-size-default\">Do czego tego u\u017cywasz?\n<\/h3>\t\t\t\t<\/div>\n\t\t\t\t<\/div>\n\t\t\t\t<div class=\"elementor-element elementor-element-6c74ca3 elementor-widget elementor-widget-heading\" data-id=\"6c74ca3\" data-element_type=\"widget\" data-widget_type=\"heading.default\">\n\t\t\t\t<div class=\"elementor-widget-container\">\n\t\t\t\t\t<p class=\"elementor-heading-title elementor-size-default\">Tradycyjnie suchy l\u00f3d by\u0142 postrzegany jako maj\u0105cy ograniczone zastosowanie, ale dzi\u015b jest szeroko wykorzystywany w r\u00f3\u017cnych bran\u017cach. Mo\u017ce by\u0107 nie tylko ekonomiczn\u0105 alternatyw\u0105 dla konwencjonalnych metod ch\u0142odzenia, lecz tak\u017ce \u2013 przy niewielkich modyfikacjach proces\u00f3w \u2013 mo\u017ce przynie\u015b\u0107 codzienne oszcz\u0119dno\u015bci.\n<br><br>\nOd przechowywania i transportu produkt\u00f3w wra\u017cliwych na temperatur\u0119, takich jak \u017cywno\u015b\u0107 i artyku\u0142y medyczne, po tworzenie hipnotyzuj\u0105cych efekt\u00f3w dymnych, kt\u00f3re dodaj\u0105 \u201ewow\u201d na imprezach, w teatrze i rozrywce \u2014 suchy l\u00f3d oferuje nieograniczone mo\u017cliwo\u015bci!<\/p>\t\t\t\t<\/div>\n\t\t\t\t<\/div>\n\t\t\t\t<\/div>\n\t\t<div class=\"elementor-element elementor-element-db5b02c e-con-full e-flex e-con e-child\" data-id=\"db5b02c\" data-element_type=\"container\">\n\t\t\t\t<div class=\"elementor-element elementor-element-96dc80e elementor-widget elementor-widget-image\" data-id=\"96dc80e\" data-element_type=\"widget\" data-widget_type=\"image.default\">\n\t\t\t\t<div class=\"elementor-widget-container\">\n\t\t\t\t\t\t\t\t\t\t\t\t\t\t\t<img decoding=\"async\" width=\"800\" height=\"450\" src=\"https:\/\/trsexperts.pl\/wp-content\/uploads\/2025\/03\/Untitled-design-2-1024x576.webp\" class=\"attachment-large size-large wp-image-1599\" alt=\"\" srcset=\"https:\/\/trsexperts.pl\/wp-content\/uploads\/2025\/03\/Untitled-design-2-1024x576.webp 1024w, https:\/\/trsexperts.pl\/wp-content\/uploads\/2025\/03\/Untitled-design-2-300x169.webp 300w, https:\/\/trsexperts.pl\/wp-content\/uploads\/2025\/03\/Untitled-design-2-768x432.webp 768w, https:\/\/trsexperts.pl\/wp-content\/uploads\/2025\/03\/Untitled-design-2-1536x864.webp 1536w, https:\/\/trsexperts.pl\/wp-content\/uploads\/2025\/03\/Untitled-design-2-2048x1152.webp 2048w, https:\/\/trsexperts.pl\/wp-content\/uploads\/2025\/03\/Untitled-design-2-18x10.webp 18w\" sizes=\"(max-width: 800px) 100vw, 800px\" \/>\t\t\t\t\t\t\t\t\t\t\t\t\t\t\t<\/div>\n\t\t\t\t<\/div>\n\t\t\t\t<\/div>\n\t\t\t\t<\/div>\n\t\t\t\t<\/div>\n\t\t\t\t\t<\/div>\n\t\t\t\t<\/div>\n\t\t\t\t<\/div>","protected":false},"excerpt":{"rendered":"<p>About Dry Ice About Dry Ice Dry ice has been used for over a century, but its popularity has surged in recent years. While it&#8217;s commonly known for traditional cooling, its uses go far beyond that. From creating a captivating dining experience in restaurants to adding dramatic effects to events, theater productions, and even classroom [&hellip;]<\/p>","protected":false},"author":1,"featured_media":0,"parent":0,"menu_order":0,"comment_status":"closed","ping_status":"closed","template":"","meta":{"footnotes":""},"class_list":["post-1571","page","type-page","status-publish","hentry"],"_links":{"self":[{"href":"https:\/\/trsexperts.pl\/pl\/wp-json\/wp\/v2\/pages\/1571","targetHints":{"allow":["GET"]}}],"collection":[{"href":"https:\/\/trsexperts.pl\/pl\/wp-json\/wp\/v2\/pages"}],"about":[{"href":"https:\/\/trsexperts.pl\/pl\/wp-json\/wp\/v2\/types\/page"}],"author":[{"embeddable":true,"href":"https:\/\/trsexperts.pl\/pl\/wp-json\/wp\/v2\/users\/1"}],"replies":[{"embeddable":true,"href":"https:\/\/trsexperts.pl\/pl\/wp-json\/wp\/v2\/comments?post=1571"}],"version-history":[{"count":35,"href":"https:\/\/trsexperts.pl\/pl\/wp-json\/wp\/v2\/pages\/1571\/revisions"}],"predecessor-version":[{"id":2122,"href":"https:\/\/trsexperts.pl\/pl\/wp-json\/wp\/v2\/pages\/1571\/revisions\/2122"}],"wp:attachment":[{"href":"https:\/\/trsexperts.pl\/pl\/wp-json\/wp\/v2\/media?parent=1571"}],"curies":[{"name":"wp","href":"https:\/\/api.w.org\/{rel}","templated":true}]}}